{"id":15,"date":"2022-03-28T10:17:04","date_gmt":"2022-03-28T10:17:04","guid":{"rendered":"http:\/\/localhost\/eurolab\/?page_id=15"},"modified":"2024-11-11T14:41:12","modified_gmt":"2024-11-11T14:41:12","slug":"home","status":"publish","type":"page","link":"https:\/\/eurolab.si\/en\/home\/","title":{"rendered":"Home"},"content":{"rendered":"<h2 class=\"wp-block-heading\">Eurolab n\u00eb Ballkanin Per\u00ebndimor<\/h2>\r\n\r\n\r\n\r\n<h3 class=\"wp-block-heading\">Rrug\u00ebt tona t\u00eb shp\u00ebrndarjes jan\u00eb rritur n\u00eb m\u00ebnyr\u00eb eksponenciale<\/h3>\r\n\r\n\r\n\r\n<p>E filluam n\u00eb vitin 1995 nga nj\u00eb rajon i Shqip\u00ebris\u00eb dhe sot mbulojm\u00eb t\u00eb gjitha tregjet e Ballkanit Per\u00ebndimor me shp\u00ebrndarjen e produkteve t\u00eb cil\u00ebsis\u00eb premium.<\/p>\r\n\r\n\r\n\r\n<p>Kultura jon\u00eb e pun\u00ebs mb\u00ebshtetet tek pasioni, p\u00ebrkushtimi, inovacioni dhe partneriteti afatgjat\u00eb, duke na b\u00ebr\u00eb nd\u00ebr rrjetet m\u00eb t\u00eb besueshme t\u00eb shp\u00ebrndarjes.<\/p>\r\n\r\n\r\n\r\n<p>Vlerat tona na udh\u00ebheqin n\u00eb strategjin\u00eb e rritjes dhe suksesit, duke b\u00ebr\u00eb t\u00eb mundur zgjerimin e vazhduesh\u00ebm t\u00eb portofolit t\u00eb markave premium.<\/p>","protected":false},"excerpt":{"rendered":"<p>Eurolab n\u00eb Ballkanin Per\u00ebndimor Rrug\u00ebt tona t\u00eb shp\u00ebrndarjes jan\u00eb rritur n\u00eb m\u00ebnyr\u00eb eksponenciale E filluam n\u00eb vitin 1995 nga nj\u00eb rajon i Shqip\u00ebris\u00eb dhe sot mbulojm\u00eb t\u00eb gjitha tregjet e Ballkanit Per\u00ebndimor me shp\u00ebrndarjen e produkteve t\u00eb cil\u00ebsis\u00eb premium. Kultura jon\u00eb e pun\u00ebs mb\u00ebshtetet tek pasioni, p\u00ebrkushtimi, inovacioni dhe partneriteti afatgjat\u00eb, duke na b\u00ebr\u00eb nd\u00ebr [&hellip;]<\/p>\n","protected":false},"author":1,"featured_media":171,"parent":0,"menu_order":0,"comment_status":"closed","ping_status":"closed","template":"home.php","meta":{"_acf_changed":false,"footnotes":""},"class_list":["post-15","page","type-page","status-publish","has-post-thumbnail","hentry"],"acf":[],"_links":{"self":[{"href":"https:\/\/eurolab.si\/en\/wp-json\/wp\/v2\/pages\/15","targetHints":{"allow":["GET"]}}],"collection":[{"href":"https:\/\/eurolab.si\/en\/wp-json\/wp\/v2\/pages"}],"about":[{"href":"https:\/\/eurolab.si\/en\/wp-json\/wp\/v2\/types\/page"}],"author":[{"embeddable":true,"href":"https:\/\/eurolab.si\/en\/wp-json\/wp\/v2\/users\/1"}],"replies":[{"embeddable":true,"href":"https:\/\/eurolab.si\/en\/wp-json\/wp\/v2\/comments?post=15"}],"version-history":[{"count":1,"href":"https:\/\/eurolab.si\/en\/wp-json\/wp\/v2\/pages\/15\/revisions"}],"predecessor-version":[{"id":1565,"href":"https:\/\/eurolab.si\/en\/wp-json\/wp\/v2\/pages\/15\/revisions\/1565"}],"wp:featuredmedia":[{"embeddable":true,"href":"https:\/\/eurolab.si\/en\/wp-json\/wp\/v2\/media\/171"}],"wp:attachment":[{"href":"https:\/\/eurolab.si\/en\/wp-json\/wp\/v2\/media?parent=15"}],"curies":[{"name":"wp","href":"https:\/\/api.w.org\/{rel}","templated":true}]}}